{"id":43,"date":"2023-07-02T20:44:42","date_gmt":"2023-07-02T23:44:42","guid":{"rendered":"https:\/\/delfuego.store\/?post_type=product&#038;p=43"},"modified":"2023-08-06T16:47:30","modified_gmt":"2023-08-06T19:47:30","slug":"vga-msi-geforce-rtx-4090-gaming-trio-24g","status":"publish","type":"product","link":"https:\/\/delfuego.store\/index.php\/producto\/vga-msi-geforce-rtx-4090-gaming-trio-24g\/","title":{"rendered":"VGA MSI GeForce RTX 4090 GAMING TRIO 24G"},"content":{"rendered":"<p>Este componente electr\u00f3nico procesa la informaci\u00f3n que llega al dispositivo y los transforma en im\u00e1genes o videos para mostrarla visualmente. Es ideal para trabajar con aplicaciones gr\u00e1ficas ya que permite obtener im\u00e1genes m\u00e1s n\u00edtidas.<\/p>\n<p>Nvidia es el fabricante l\u00edder de placas de video; su calidad asegura una experiencia positiva en el desarrollo del motor gr\u00e1fico de tu computadora. Adem\u00e1s, sus procesadores usan tecnolog\u00eda de punta para que puedas disfrutar de un producto veloz y duradero.<\/p>\n<p>Velocidad en cada lectura<br \/>\nCuenta con 16384 n\u00facleos, por lo que la interfaz de la placa ser\u00e1 algo sorprendente. Este tipo de estructura es apropiado para el procesamiento de tecnolog\u00edas m\u00e1s complejas y modernas caracterizadas por grandes vol\u00famenes de datos.<\/p>\n<p>Calidad de imagen<br \/>\nCriterio fundamental a la hora de elegir una placa de video, su resoluci\u00f3n de 7680&#215;4320 no te defraudar\u00e1. La decodificaci\u00f3n de los p\u00edxeles en tu pantalla te har\u00e1n ver hasta los detalles m\u00e1s \u00ednfimos en cada ilustraci\u00f3n.<\/p>\n<div class=\"video-container responsive-embed widescreen\"><iframe title=\"RTX 4090 - MSI GAMING TRIO - Una primera Mirada !!\" width=\"1778\" height=\"1000\" src=\"https:\/\/www.youtube.com\/embed\/Qytn5QKvDUw?feature=oembed&#038;enablejsapi=1&#038;rel=0&#038;showinfo=0&#038;color=white\" frameborder=\"0\" allow=\"accelerometer; autoplay; clipboard-write; encrypted-media; gyroscope; picture-in-picture; web-share\" allowfullscreen><\/iframe><\/div>\n","protected":false},"excerpt":{"rendered":"<p>La mas potente tarjeta gr\u00e1fica<\/p>\n","protected":false},"featured_media":44,"comment_status":"closed","ping_status":"closed","template":"","meta":[],"product_cat":[18],"product_tag":[],"acf":[],"jetpack_sharing_enabled":true,"_links":{"self":[{"href":"https:\/\/delfuego.store\/index.php\/wp-json\/wp\/v2\/product\/43"}],"collection":[{"href":"https:\/\/delfuego.store\/index.php\/wp-json\/wp\/v2\/product"}],"about":[{"href":"https:\/\/delfuego.store\/index.php\/wp-json\/wp\/v2\/types\/product"}],"replies":[{"embeddable":true,"href":"https:\/\/delfuego.store\/index.php\/wp-json\/wp\/v2\/comments?post=43"}],"version-history":[{"count":1,"href":"https:\/\/delfuego.store\/index.php\/wp-json\/wp\/v2\/product\/43\/revisions"}],"predecessor-version":[{"id":3938,"href":"https:\/\/delfuego.store\/index.php\/wp-json\/wp\/v2\/product\/43\/revisions\/3938"}],"wp:featuredmedia":[{"embeddable":true,"href":"https:\/\/delfuego.store\/index.php\/wp-json\/wp\/v2\/media\/44"}],"wp:attachment":[{"href":"https:\/\/delfuego.store\/index.php\/wp-json\/wp\/v2\/media?parent=43"}],"wp:term":[{"taxonomy":"product_cat","embeddable":true,"href":"https:\/\/delfuego.store\/index.php\/wp-json\/wp\/v2\/product_cat?post=43"},{"taxonomy":"product_tag","embeddable":true,"href":"https:\/\/delfuego.store\/index.php\/wp-json\/wp\/v2\/product_tag?post=43"}],"curies":[{"name":"wp","href":"https:\/\/api.w.org\/{rel}","templated":true}]}}