{"id":3965,"date":"2023-08-06T17:34:05","date_gmt":"2023-08-06T20:34:05","guid":{"rendered":"https:\/\/delfuego.store\/?post_type=product&#038;p=3965"},"modified":"2023-08-06T17:34:05","modified_gmt":"2023-08-06T20:34:05","slug":"teclado-logitech-g915-mechanical-rgb-wifi","status":"publish","type":"product","link":"https:\/\/delfuego.store\/index.php\/producto\/teclado-logitech-g915-mechanical-rgb-wifi\/","title":{"rendered":"Teclado Logitech G915 Mechanical RGB Wifi"},"content":{"rendered":"<p>Descubre el siguiente nivel de juego con el Teclado Logitech G915 Mechanical RGB con conectividad WiFi. Creado para los verdaderos entusiastas, este teclado combina la precisi\u00f3n de los interruptores mec\u00e1nicos con la libertad de la tecnolog\u00eda inal\u00e1mbrica. Con iluminaci\u00f3n RGB totalmente personalizable, puedes sumergirte en un espect\u00e1culo visual mientras dominas tus partidas. Dise\u00f1ado para brindar comodidad y rendimiento, el G915 es m\u00e1s que un teclado, es una herramienta para la victoria. \u2328\ufe0f\ud83c\udfae #LogitechG915 #RendimientoSinL\u00edmites<\/p>\n","protected":false},"excerpt":{"rendered":"<p>Eleva tu experiencia de juego con el Teclado Logitech G915 Mechanical RGB con conectividad WiFi. Disfruta de la acci\u00f3n con interruptores mec\u00e1nicos y personalizaci\u00f3n de iluminaci\u00f3n RGB. Juega sin l\u00edmites. \u2328\ufe0f\ud83c\udfae #LogitechG915<\/p>\n","protected":false},"featured_media":3966,"comment_status":"closed","ping_status":"closed","template":"","meta":[],"product_cat":[197],"product_tag":[],"acf":[],"jetpack_sharing_enabled":true,"_links":{"self":[{"href":"https:\/\/delfuego.store\/index.php\/wp-json\/wp\/v2\/product\/3965"}],"collection":[{"href":"https:\/\/delfuego.store\/index.php\/wp-json\/wp\/v2\/product"}],"about":[{"href":"https:\/\/delfuego.store\/index.php\/wp-json\/wp\/v2\/types\/product"}],"replies":[{"embeddable":true,"href":"https:\/\/delfuego.store\/index.php\/wp-json\/wp\/v2\/comments?post=3965"}],"version-history":[{"count":1,"href":"https:\/\/delfuego.store\/index.php\/wp-json\/wp\/v2\/product\/3965\/revisions"}],"predecessor-version":[{"id":3967,"href":"https:\/\/delfuego.store\/index.php\/wp-json\/wp\/v2\/product\/3965\/revisions\/3967"}],"wp:featuredmedia":[{"embeddable":true,"href":"https:\/\/delfuego.store\/index.php\/wp-json\/wp\/v2\/media\/3966"}],"wp:attachment":[{"href":"https:\/\/delfuego.store\/index.php\/wp-json\/wp\/v2\/media?parent=3965"}],"wp:term":[{"taxonomy":"product_cat","embeddable":true,"href":"https:\/\/delfuego.store\/index.php\/wp-json\/wp\/v2\/product_cat?post=3965"},{"taxonomy":"product_tag","embeddable":true,"href":"https:\/\/delfuego.store\/index.php\/wp-json\/wp\/v2\/product_tag?post=3965"}],"curies":[{"name":"wp","href":"https:\/\/api.w.org\/{rel}","templated":true}]}}