{"id":3918,"date":"2023-07-09T21:17:01","date_gmt":"2023-07-10T00:17:01","guid":{"rendered":"https:\/\/delfuego.store\/?post_type=product&#038;p=3918"},"modified":"2023-07-09T21:17:01","modified_gmt":"2023-07-10T00:17:01","slug":"intel-i3-oficina","status":"publish","type":"product","link":"https:\/\/delfuego.store\/index.php\/producto\/intel-i3-oficina\/","title":{"rendered":"Intel i3 Oficina"},"content":{"rendered":"<p>\u00a1Potencia y eficiencia para tu oficina! Presentamos nuestra computadora de oficina con un procesador Intel Core i3-10105, 8 GB de RAM y un SSD de 240 GB. Con un rendimiento confiable y r\u00e1pido, podr\u00e1s realizar tus tareas diarias sin problemas. Cambia entre aplicaciones con fluidez y disfruta de tiempos de carga instant\u00e1neos gracias al SSD. Conecta f\u00e1cilmente tus dispositivos y perif\u00e9ricos gracias a sus puertos y disfruta de un dise\u00f1o elegante y compacto. Aumenta tu productividad con esta potente m\u00e1quina.<\/p>\n","protected":false},"excerpt":{"rendered":"<p>Procesador: Intel Core i3-10105<br \/>\nMemoria RAM: 8G<br \/>\nDisco SSD: 240Gb<br \/>\nWindows 10 original<\/p>\n","protected":false},"featured_media":3916,"comment_status":"closed","ping_status":"closed","template":"","meta":[],"product_cat":[195],"product_tag":[193,196],"acf":[],"jetpack_sharing_enabled":true,"_links":{"self":[{"href":"https:\/\/delfuego.store\/index.php\/wp-json\/wp\/v2\/product\/3918"}],"collection":[{"href":"https:\/\/delfuego.store\/index.php\/wp-json\/wp\/v2\/product"}],"about":[{"href":"https:\/\/delfuego.store\/index.php\/wp-json\/wp\/v2\/types\/product"}],"replies":[{"embeddable":true,"href":"https:\/\/delfuego.store\/index.php\/wp-json\/wp\/v2\/comments?post=3918"}],"version-history":[{"count":1,"href":"https:\/\/delfuego.store\/index.php\/wp-json\/wp\/v2\/product\/3918\/revisions"}],"predecessor-version":[{"id":3919,"href":"https:\/\/delfuego.store\/index.php\/wp-json\/wp\/v2\/product\/3918\/revisions\/3919"}],"wp:featuredmedia":[{"embeddable":true,"href":"https:\/\/delfuego.store\/index.php\/wp-json\/wp\/v2\/media\/3916"}],"wp:attachment":[{"href":"https:\/\/delfuego.store\/index.php\/wp-json\/wp\/v2\/media?parent=3918"}],"wp:term":[{"taxonomy":"product_cat","embeddable":true,"href":"https:\/\/delfuego.store\/index.php\/wp-json\/wp\/v2\/product_cat?post=3918"},{"taxonomy":"product_tag","embeddable":true,"href":"https:\/\/delfuego.store\/index.php\/wp-json\/wp\/v2\/product_tag?post=3918"}],"curies":[{"name":"wp","href":"https:\/\/api.w.org\/{rel}","templated":true}]}}