{"id":36,"date":"2023-07-02T19:53:18","date_gmt":"2023-07-02T22:53:18","guid":{"rendered":"https:\/\/delfuego.store\/?post_type=product&#038;p=36"},"modified":"2023-08-06T17:07:57","modified_gmt":"2023-08-06T20:07:57","slug":"notebook-gigabyte-g5-ke-156-fhd-144hz-i5-12500h-16gb-2x8-512g-rtx-3060p-sin-os","status":"publish","type":"product","link":"https:\/\/delfuego.store\/index.php\/producto\/notebook-gigabyte-g5-ke-156-fhd-144hz-i5-12500h-16gb-2x8-512g-rtx-3060p-sin-os\/","title":{"rendered":"Notebook Gigabyte G5 KE 15,6&#8243; FHD 144Hz i5-12500H 16Gb (2&#215;8) 512G RTX 3060P"},"content":{"rendered":"<p>Caracteristicas Basicas:<br \/>\n-Pantalla 15.6&#8243; 144 Hz FHD 1920 x 1080<br \/>\n-Intel Core i5 12th Gen 12500H (2.50GHz)<br \/>\n-NVIDIA GeForce RTX 4060 Laptop GPU<br \/>\n-512 GB Gen4 SSD<br \/>\n-8 GB DDR4<br \/>\n-Bluetooth 5.2<br \/>\n-Wi-Fi 6<br \/>\n-Windows 11 Home 64-bit<\/p>\n<p>*Juega a tu manera<br \/>\nLa computadora port\u00e1til para juegos GIGABYTE trae nuevos elementos de juego de tendencias futuras, combinados con un rendimiento poderoso de pr\u00f3xima generaci\u00f3n. La computadora port\u00e1til para juegos de GIGABYTE est\u00e1 equipada con un procesador Intel\u00ae Core\u2122 i5 de 12.\u00aa generaci\u00f3n, GPU para computadora port\u00e1til NVIDIA\u00ae GeForce RTX\u2122 serie 30 y una pantalla de alta frecuencia de actualizaci\u00f3n de 144 Hz. Con una herramienta para cada tarea, esta computadora port\u00e1til puede estar a su lado mientras se desempe\u00f1a en diferentes roles, apoy\u00e1ndolo m\u00e1s que en la lucha y tambi\u00e9n en su vida cotidiana.<\/p>\n<p>*El nuevo dise\u00f1o elegante indica la poderosa fuerza de la computadora port\u00e1til para juegos GIGABYTE. Con una gran \u00e1rea cubierta con el patr\u00f3n Mecha, emite la atm\u00f3sfera distintiva y moderna de los juegos, combinando a la perfecci\u00f3n rendimiento y dise\u00f1o.<\/p>\n<p>*Dise\u00f1o ligero y delgado<br \/>\nLa pantalla de dise\u00f1o de bisel delgado permite que la computadora port\u00e1til para juegos GIGABYTE sea una computadora port\u00e1til delgada con un cuerpo liviano, cuyo tama\u00f1o se ha reducido en un 22 % y es f\u00e1cil de agarrar sin comprometer su alto rendimiento. Puedes disfrutar jugando juegos cuando salgas mientras terminas m\u00e1s tareas al mismo tiempo.<\/p>\n<p>*Laptop para juegos GIGABYTE G5 (Intel 12th Gen)<br \/>\nGPU NVIDIA GeForce RTX serie 30 para port\u00e1tiles<br \/>\nLas GPU para port\u00e1tiles NVIDIA GeForce RTX serie 30 impulsan los port\u00e1tiles m\u00e1s r\u00e1pidos del mundo para jugadores y creadores. Est\u00e1n construidos con Ampere, la arquitectura RTX de segunda generaci\u00f3n de NVIDIA, para brindarle los gr\u00e1ficos con trazado de rayos m\u00e1s realistas y funciones de IA de vanguardia como NVIDIA DLSS. Las nuevas tecnolog\u00edas Max-Q utilizan la IA para habilitar computadoras port\u00e1tiles delgadas y de alto rendimiento que son m\u00e1s r\u00e1pidas y mejores que nunca.<\/p>\n<p>*MEJORA EL RENDIMIENTO CON IA<br \/>\nNVIDIA DLSS aumenta la velocidad de los juegos con una calidad de imagen inigualable. Aumente la configuraci\u00f3n y la resoluci\u00f3n para una experiencia visual a\u00fan mejor.<\/p>\n<p>*M\u00c1S EXPERIENCIAS INMERSIVAS<br \/>\nRay Tracing es el santo grial de los gr\u00e1ficos. Simula c\u00f3mo se comporta la luz en el mundo real para producir los gr\u00e1ficos m\u00e1s realistas e inmersivos para jugadores y creadores, y funciona r\u00e1pido gracias a los n\u00facleos RT de segunda generaci\u00f3n.<\/p>\n<p>*POTENCIA Y RENDIMIENTO OPTIMIZADOS<br \/>\nNVIDIA Max-Q es un conjunto de tecnolog\u00edas impulsadas por IA que optimizan las computadoras port\u00e1tiles para brindar un alto rendimiento en factores de forma delgados.<\/p>\n<p>*El \u00faltimo procesador Intel\u00ae Core\u2122 i5 de 12.\u00aa generaci\u00f3n<br \/>\nEl port\u00e1til para juegos G5 est\u00e1 equipado con el procesador Intel\u00ae Core\u2122 i5 de 12 n\u00facleos de 12.\u00aa generaci\u00f3n. Los usuarios pueden transmitir, grabar juegos y ejecutar m\u00faltiples aplicaciones sin compromiso. El G5 ofrece un procesamiento multimedia r\u00e1pido y la experiencia de juego m\u00e1s fluida.<\/p>\n<p>*Tecnolog\u00eda de interruptor MUX<br \/>\nLas laptops para juegos de GIGABYTE presentan la tecnolog\u00eda de interruptor MUX2, que permite a los jugadores elegir el modo de solo GPU discreto para mejorar el rendimiento adicional. La GPU discreta se puede enviar directamente a la pantalla a trav\u00e9s de la interfaz BIOS integrada de la computadora port\u00e1til, lo que puede mejorar f\u00e1cilmente el rendimiento del juego y aumentar la velocidad de fotogramas en feroces batallas de juegos.<\/p>\n<p>*Excelente competencia<br \/>\nCon la exclusiva tecnolog\u00eda de enfriamiento WINDFORCE, puede seguir siendo la comodidad de su operaci\u00f3n incluso durante juegos de alta carga o bajo procesamiento multimedia, no solo ayuda al G5 a lograr el 100% de las salidas de CPU y GPU, sino que tambi\u00e9n permanece silencioso y estable al mismo tiempo. tiempo.<\/p>\n<div class=\"video-container responsive-embed widescreen\"><iframe title=\"GIGABYTE G5 (2023) Intel Core i5 12500H RTX 4060 - MEJOR LAPTOP GAMING CALIDAD PRECIO 2023\" width=\"1778\" height=\"1000\" src=\"https:\/\/www.youtube.com\/embed\/n3hDkSApfY8?feature=oembed&#038;enablejsapi=1&#038;rel=0&#038;showinfo=0&#038;color=white\" frameborder=\"0\" allow=\"accelerometer; autoplay; clipboard-write; encrypted-media; gyroscope; picture-in-picture; web-share\" allowfullscreen><\/iframe><\/div>\n","protected":false},"excerpt":{"rendered":"<h1 class=\"style-scope ytd-watch-metadata\">MEJOR LAPTOP GAMING CALIDAD PRECIO 2023<\/h1>\n","protected":false},"featured_media":37,"comment_status":"closed","ping_status":"closed","template":"","meta":[],"product_cat":[16],"product_tag":[],"acf":[],"jetpack_sharing_enabled":true,"_links":{"self":[{"href":"https:\/\/delfuego.store\/index.php\/wp-json\/wp\/v2\/product\/36"}],"collection":[{"href":"https:\/\/delfuego.store\/index.php\/wp-json\/wp\/v2\/product"}],"about":[{"href":"https:\/\/delfuego.store\/index.php\/wp-json\/wp\/v2\/types\/product"}],"replies":[{"embeddable":true,"href":"https:\/\/delfuego.store\/index.php\/wp-json\/wp\/v2\/comments?post=36"}],"version-history":[{"count":2,"href":"https:\/\/delfuego.store\/index.php\/wp-json\/wp\/v2\/product\/36\/revisions"}],"predecessor-version":[{"id":3949,"href":"https:\/\/delfuego.store\/index.php\/wp-json\/wp\/v2\/product\/36\/revisions\/3949"}],"wp:featuredmedia":[{"embeddable":true,"href":"https:\/\/delfuego.store\/index.php\/wp-json\/wp\/v2\/media\/37"}],"wp:attachment":[{"href":"https:\/\/delfuego.store\/index.php\/wp-json\/wp\/v2\/media?parent=36"}],"wp:term":[{"taxonomy":"product_cat","embeddable":true,"href":"https:\/\/delfuego.store\/index.php\/wp-json\/wp\/v2\/product_cat?post=36"},{"taxonomy":"product_tag","embeddable":true,"href":"https:\/\/delfuego.store\/index.php\/wp-json\/wp\/v2\/product_tag?post=36"}],"curies":[{"name":"wp","href":"https:\/\/api.w.org\/{rel}","templated":true}]}}